{"id":2,"date":"2026-03-11T08:22:33","date_gmt":"2026-03-11T08:22:33","guid":{"rendered":"https:\/\/multidulcesmarisol.rkinformatika.online\/?page_id=2"},"modified":"2026-03-11T14:05:22","modified_gmt":"2026-03-11T14:05:22","slug":"inicio","status":"publish","type":"page","link":"https:\/\/multidulcesmarisol.com\/eu\/","title":{"rendered":"Hasiera"},"content":{"rendered":"<div data-elementor-type=\"wp-page\" data-elementor-id=\"2\" class=\"elementor elementor-2\" data-elementor-post-type=\"page\">\n\t\t\t\t<div class=\"elementor-element elementor-element-6a357e1 e-flex e-con-boxed e-con e-parent\" data-id=\"6a357e1\" data-element_type=\"container\" data-e-type=\"container\" data-settings=\"{&quot;background_background&quot;:&quot;classic&quot;}\">\n\t\t\t\t\t<div class=\"e-con-inner\">\n\t\t\t\t<div class=\"elementor-element elementor-element-37307b9 elementor-widget elementor-widget-heading\" data-id=\"37307b9\" data-element_type=\"widget\" data-e-type=\"widget\" data-widget_type=\"heading.default\">\n\t\t\t\t\t<h2 class=\"elementor-heading-title elementor-size-default\">Multidulces MARISOL<\/h2>\t\t\t\t<\/div>\n\t\t\t\t<div class=\"elementor-element elementor-element-e195ba4 elementor-widget elementor-widget-text-editor\" data-id=\"e195ba4\" data-element_type=\"widget\" data-e-type=\"widget\" data-widget_type=\"text-editor.default\">\n\t\t\t\t\t\t\t\t\t<p>Beti behar duzuna aurkitzen duzun auzoko denda<\/p>\t\t\t\t\t\t\t\t<\/div>\n\t\t\t\t\t<\/div>\n\t\t\t\t<\/div>\n\t\t<div class=\"elementor-element elementor-element-963dc89 e-flex e-con-boxed e-con e-parent\" data-id=\"963dc89\" data-element_type=\"container\" data-e-type=\"container\">\n\t\t\t\t\t<div class=\"e-con-inner\">\n\t\t<div class=\"elementor-element elementor-element-ae5febf e-con-full e-flex e-con e-child\" data-id=\"ae5febf\" data-element_type=\"container\" data-e-type=\"container\">\n\t\t\t\t<div class=\"elementor-element elementor-element-3eaf338 elementor-widget elementor-widget-heading\" data-id=\"3eaf338\" data-element_type=\"widget\" data-e-type=\"widget\" data-widget_type=\"heading.default\">\n\t\t\t\t\t<h2 class=\"elementor-heading-title elementor-size-default\">Guri Buruz:<\/h2>\t\t\t\t<\/div>\n\t\t\t\t<div class=\"elementor-element elementor-element-b547ddd elementor-widget elementor-widget-text-editor\" data-id=\"b547ddd\" data-element_type=\"widget\" data-e-type=\"widget\" data-widget_type=\"text-editor.default\">\n\t\t\t\t\t\t\t\t\t<p>Gure denda salmentagune soil bat baino askoz gehiago izateko ideiarekin jaio da. Egunero ogi egin berria erostera, aldizkari gogokoena aurkitzera, eguna alaitzen dizun gozoki bat aukeratzera edo une berezi bat ospatzeko xehetasun txiki bat prestatzera joan zaitezkeen leku hurbila izan nahi dugu.<\/p><p>Kalitatezko produktuekin lan egiten dugu, eguneroko elaborazioen, osagai naturalen eta hurbileko produktuen alde eginez, ahal den guztietan. Gure apaletan prentsa, gozokiak, zizka-mizkak, edariak, izozkiak, fruitu lehorrak eta adin guztietarako gutizia txiki asko aurkituko dituzu.<\/p><p>Gainera, egunerokoa errazten duten zerbitzuak eskaintzen ditugu, hala nola paketeak, telefono bidezko kargak edo jaietarako eta urtebetetzeetarako xehetasunak pertsonalizatzea, betiere hurbileko eta familiako arretarekin.<\/p>\t\t\t\t\t\t\t\t<\/div>\n\t\t\t\t<\/div>\n\t\t<div class=\"elementor-element elementor-element-5978b6e e-con-full e-flex e-con e-child\" data-id=\"5978b6e\" data-element_type=\"container\" data-e-type=\"container\">\n\t\t\t\t<div class=\"elementor-element elementor-element-c65b278 elementor-widget elementor-widget-image\" data-id=\"c65b278\" data-element_type=\"widget\" data-e-type=\"widget\" data-widget_type=\"image.default\">\n\t\t\t\t\t\t\t\t\t\t\t\t\t\t\t<img fetchpriority=\"high\" decoding=\"async\" width=\"680\" height=\"510\" src=\"https:\/\/multidulcesmarisol.com\/wp-content\/uploads\/2026\/03\/unnamed.webp\" class=\"attachment-large size-large wp-image-107\" alt=\"\" srcset=\"https:\/\/multidulcesmarisol.com\/wp-content\/uploads\/2026\/03\/unnamed.webp 680w, https:\/\/multidulcesmarisol.com\/wp-content\/uploads\/2026\/03\/unnamed-300x225.webp 300w, https:\/\/multidulcesmarisol.com\/wp-content\/uploads\/2026\/03\/unnamed-16x12.webp 16w\" sizes=\"(max-width: 680px) 100vw, 680px\" \/>\t\t\t\t\t\t\t\t\t\t\t\t\t\t\t<\/div>\n\t\t\t\t<\/div>\n\t\t\t\t\t<\/div>\n\t\t\t\t<\/div>\n\t\t<div class=\"elementor-element elementor-element-785a08e e-flex e-con-boxed e-con e-parent\" data-id=\"785a08e\" data-element_type=\"container\" data-e-type=\"container\" data-settings=\"{&quot;background_background&quot;:&quot;classic&quot;}\">\n\t\t\t\t\t<div class=\"e-con-inner\">\n\t\t\t\t<div class=\"elementor-element elementor-element-7c312d1 elementor-widget elementor-widget-heading\" data-id=\"7c312d1\" data-element_type=\"widget\" data-e-type=\"widget\" data-widget_type=\"heading.default\">\n\t\t\t\t\t<h2 class=\"elementor-heading-title elementor-size-default\">Zure egunerokotasunerako pentsatutako zerbitzuak<\/h2>\t\t\t\t<\/div>\n\t\t\t\t<div class=\"elementor-element elementor-element-979cdce elementor-align-center elementor-widget elementor-widget-button\" data-id=\"979cdce\" data-element_type=\"widget\" data-e-type=\"widget\" data-widget_type=\"button.default\">\n\t\t\t\t\t\t\t\t\t\t<a class=\"elementor-button elementor-button-link elementor-size-sm elementor-animation-grow\" href=\"\/eu\/servicios\/\">\n\t\t\t\t\t\t<span class=\"elementor-button-content-wrapper\">\n\t\t\t\t\t\t<span class=\"elementor-button-icon\">\n\t\t\t\t<svg aria-hidden=\"true\" class=\"e-font-icon-svg e-far-hand-point-right\" viewbox=\"0 0 512 512\" xmlns=\"http:\/\/www.w3.org\/2000\/svg\"><path d=\"M428.8 137.6h-86.177a115.52 115.52 0 0 0 2.176-22.4c0-47.914-35.072-83.2-92-83.2-45.314 0-57.002 48.537-75.707 78.784-7.735 12.413-16.994 23.317-25.851 33.253l-.131.146-.129.148C135.662 161.807 127.764 168 120.8 168h-2.679c-5.747-4.952-13.536-8-22.12-8H32c-17.673 0-32 12.894-32 28.8v230.4C0 435.106 14.327 448 32 448h64c8.584 0 16.373-3.048 22.12-8h2.679c28.688 0 67.137 40 127.2 40h21.299c62.542 0 98.8-38.658 99.94-91.145 12.482-17.813 18.491-40.785 15.985-62.791A93.148 93.148 0 0 0 393.152 304H428.8c45.435 0 83.2-37.584 83.2-83.2 0-45.099-38.101-83.2-83.2-83.2zm0 118.4h-91.026c12.837 14.669 14.415 42.825-4.95 61.05 11.227 19.646 1.687 45.624-12.925 53.625 6.524 39.128-10.076 61.325-50.6 61.325H248c-45.491 0-77.21-35.913-120-39.676V215.571c25.239-2.964 42.966-21.222 59.075-39.596 11.275-12.65 21.725-25.3 30.799-39.875C232.355 112.712 244.006 80 252.8 80c23.375 0 44 8.8 44 35.2 0 35.2-26.4 53.075-26.4 70.4h158.4c18.425 0 35.2 16.5 35.2 35.2 0 18.975-16.225 35.2-35.2 35.2zM88 384c0 13.255-10.745 24-24 24s-24-10.745-24-24 10.745-24 24-24 24 10.745 24 24z\"><\/path><\/svg>\t\t\t<\/span>\n\t\t\t\t\t\t\t\t\t<span class=\"elementor-button-text\">Zerbitzuak<\/span>\n\t\t\t\t\t<\/span>\n\t\t\t\t\t<\/a>\n\t\t\t\t\t\t\t\t<\/div>\n\t\t\t\t\t<\/div>\n\t\t\t\t<\/div>\n\t\t\t\t<\/div>","protected":false},"excerpt":{"rendered":"<p>Multidulces MARISOL La tienda de barrio donde siempre encuentras lo que necesitas Sobre nosotros: Nuestra tienda nace con la idea de ser mucho m\u00e1s que un simple punto de venta. Queremos ser ese lugar cercano al que puedes acudir cada d\u00eda para comprar pan reci\u00e9n hecho, encontrar tu revista favorita, elegir un dulce que te [&hellip;]<\/p>\n","protected":false},"author":1,"featured_media":0,"parent":0,"menu_order":0,"comment_status":"closed","ping_status":"closed","template":"elementor_canvas","meta":{"footnotes":""},"class_list":["post-2","page","type-page","status-publish","hentry"],"yoast_head":"<!-- This site is optimized with the Yoast SEO plugin v27.3 - https:\/\/yoast.com\/product\/yoast-seo-wordpress\/ -->\n<title>Inicio - Multidulces Marisol<\/title>\n<meta name=\"robots\" content=\"index, follow, max-snippet:-1, max-image-preview:large, max-video-preview:-1\" \/>\n<link rel=\"canonical\" href=\"https:\/\/multidulcesmarisol.com\/eu\/\" \/>\n<meta property=\"og:locale\" content=\"en_US\" \/>\n<meta property=\"og:type\" content=\"article\" \/>\n<meta property=\"og:title\" content=\"Inicio - Multidulces Marisol\" \/>\n<meta property=\"og:description\" content=\"Multidulces MARISOL La tienda de barrio donde siempre encuentras lo que necesitas Sobre nosotros: Nuestra tienda nace con la idea de ser mucho m\u00e1s que un simple punto de venta. Queremos ser ese lugar cercano al que puedes acudir cada d\u00eda para comprar pan reci\u00e9n hecho, encontrar tu revista favorita, elegir un dulce que te [&hellip;]\" \/>\n<meta property=\"og:url\" content=\"https:\/\/multidulcesmarisol.com\/eu\/\" \/>\n<meta property=\"og:site_name\" content=\"Multidulces Marisol\" \/>\n<meta property=\"article:modified_time\" content=\"2026-03-11T14:05:22+00:00\" \/>\n<meta property=\"og:image\" content=\"https:\/\/multidulcesmarisol.com\/wp-content\/uploads\/2026\/03\/unnamed.webp\" \/>\n<meta name=\"twitter:card\" content=\"summary_large_image\" \/>\n<meta name=\"twitter:label1\" content=\"Est. reading time\" \/>\n\t<meta name=\"twitter:data1\" content=\"1 minutua\" \/>\n<script type=\"application\/ld+json\" class=\"yoast-schema-graph\">{\"@context\":\"https:\\\/\\\/schema.org\",\"@graph\":[{\"@type\":\"WebPage\",\"@id\":\"https:\\\/\\\/multidulcesmarisol.com\\\/\",\"url\":\"https:\\\/\\\/multidulcesmarisol.com\\\/\",\"name\":\"Inicio - Multidulces Marisol\",\"isPartOf\":{\"@id\":\"https:\\\/\\\/multidulcesmarisol.com\\\/#website\"},\"primaryImageOfPage\":{\"@id\":\"https:\\\/\\\/multidulcesmarisol.com\\\/#primaryimage\"},\"image\":{\"@id\":\"https:\\\/\\\/multidulcesmarisol.com\\\/#primaryimage\"},\"thumbnailUrl\":\"https:\\\/\\\/multidulcesmarisol.com\\\/wp-content\\\/uploads\\\/2026\\\/03\\\/unnamed.webp\",\"datePublished\":\"2026-03-11T08:22:33+00:00\",\"dateModified\":\"2026-03-11T14:05:22+00:00\",\"breadcrumb\":{\"@id\":\"https:\\\/\\\/multidulcesmarisol.com\\\/#breadcrumb\"},\"inLanguage\":\"eu\",\"potentialAction\":[{\"@type\":\"ReadAction\",\"target\":[\"https:\\\/\\\/multidulcesmarisol.com\\\/\"]}]},{\"@type\":\"ImageObject\",\"inLanguage\":\"eu\",\"@id\":\"https:\\\/\\\/multidulcesmarisol.com\\\/#primaryimage\",\"url\":\"https:\\\/\\\/multidulcesmarisol.com\\\/wp-content\\\/uploads\\\/2026\\\/03\\\/unnamed.webp\",\"contentUrl\":\"https:\\\/\\\/multidulcesmarisol.com\\\/wp-content\\\/uploads\\\/2026\\\/03\\\/unnamed.webp\"},{\"@type\":\"BreadcrumbList\",\"@id\":\"https:\\\/\\\/multidulcesmarisol.com\\\/#breadcrumb\",\"itemListElement\":[{\"@type\":\"ListItem\",\"position\":1,\"name\":\"Portada\",\"item\":\"https:\\\/\\\/multidulcesmarisol.com\\\/\"},{\"@type\":\"ListItem\",\"position\":2,\"name\":\"Inicio\"}]},{\"@type\":\"WebSite\",\"@id\":\"https:\\\/\\\/multidulcesmarisol.com\\\/#website\",\"url\":\"https:\\\/\\\/multidulcesmarisol.com\\\/\",\"name\":\"Multidulces Marisol\",\"description\":\"Tienda de conveniencia en Basauri,Urbi Kalea, 25 (dentro de la plaza superior) \\\/ +34 946 96 76 24\",\"publisher\":{\"@id\":\"https:\\\/\\\/multidulcesmarisol.com\\\/#organization\"},\"potentialAction\":[{\"@type\":\"SearchAction\",\"target\":{\"@type\":\"EntryPoint\",\"urlTemplate\":\"https:\\\/\\\/multidulcesmarisol.com\\\/?s={search_term_string}\"},\"query-input\":{\"@type\":\"PropertyValueSpecification\",\"valueRequired\":true,\"valueName\":\"search_term_string\"}}],\"inLanguage\":\"eu\"},{\"@type\":\"Organization\",\"@id\":\"https:\\\/\\\/multidulcesmarisol.com\\\/#organization\",\"name\":\"Multidulces Marisol\",\"url\":\"https:\\\/\\\/multidulcesmarisol.com\\\/\",\"logo\":{\"@type\":\"ImageObject\",\"inLanguage\":\"eu\",\"@id\":\"https:\\\/\\\/multidulcesmarisol.com\\\/#\\\/schema\\\/logo\\\/image\\\/\",\"url\":\"https:\\\/\\\/multidulcesmarisol.com\\\/wp-content\\\/uploads\\\/2026\\\/03\\\/multidulcesmarisol202508_logoarriba.jpg\",\"contentUrl\":\"https:\\\/\\\/multidulcesmarisol.com\\\/wp-content\\\/uploads\\\/2026\\\/03\\\/multidulcesmarisol202508_logoarriba.jpg\",\"width\":346,\"height\":176,\"caption\":\"Multidulces Marisol\"},\"image\":{\"@id\":\"https:\\\/\\\/multidulcesmarisol.com\\\/#\\\/schema\\\/logo\\\/image\\\/\"}}]}<\/script>\n<!-- \/ Yoast SEO plugin. -->","yoast_head_json":{"title":"Inicio - Multidulces Marisol","robots":{"index":"index","follow":"follow","max-snippet":"max-snippet:-1","max-image-preview":"max-image-preview:large","max-video-preview":"max-video-preview:-1"},"canonical":"https:\/\/multidulcesmarisol.com\/eu\/","og_locale":"en_US","og_type":"article","og_title":"Inicio - Multidulces Marisol","og_description":"Multidulces MARISOL La tienda de barrio donde siempre encuentras lo que necesitas Sobre nosotros: Nuestra tienda nace con la idea de ser mucho m\u00e1s que un simple punto de venta. Queremos ser ese lugar cercano al que puedes acudir cada d\u00eda para comprar pan reci\u00e9n hecho, encontrar tu revista favorita, elegir un dulce que te [&hellip;]","og_url":"https:\/\/multidulcesmarisol.com\/eu\/","og_site_name":"Multidulces Marisol","article_modified_time":"2026-03-11T14:05:22+00:00","og_image":[{"url":"https:\/\/multidulcesmarisol.com\/wp-content\/uploads\/2026\/03\/unnamed.webp","type":"","width":"","height":""}],"twitter_card":"summary_large_image","twitter_misc":{"Est. reading time":"1 minutua"},"schema":{"@context":"https:\/\/schema.org","@graph":[{"@type":"WebPage","@id":"https:\/\/multidulcesmarisol.com\/","url":"https:\/\/multidulcesmarisol.com\/","name":"Inicio - Multidulces Marisol","isPartOf":{"@id":"https:\/\/multidulcesmarisol.com\/#website"},"primaryImageOfPage":{"@id":"https:\/\/multidulcesmarisol.com\/#primaryimage"},"image":{"@id":"https:\/\/multidulcesmarisol.com\/#primaryimage"},"thumbnailUrl":"https:\/\/multidulcesmarisol.com\/wp-content\/uploads\/2026\/03\/unnamed.webp","datePublished":"2026-03-11T08:22:33+00:00","dateModified":"2026-03-11T14:05:22+00:00","breadcrumb":{"@id":"https:\/\/multidulcesmarisol.com\/#breadcrumb"},"inLanguage":"eu","potentialAction":[{"@type":"ReadAction","target":["https:\/\/multidulcesmarisol.com\/"]}]},{"@type":"ImageObject","inLanguage":"eu","@id":"https:\/\/multidulcesmarisol.com\/#primaryimage","url":"https:\/\/multidulcesmarisol.com\/wp-content\/uploads\/2026\/03\/unnamed.webp","contentUrl":"https:\/\/multidulcesmarisol.com\/wp-content\/uploads\/2026\/03\/unnamed.webp"},{"@type":"BreadcrumbList","@id":"https:\/\/multidulcesmarisol.com\/#breadcrumb","itemListElement":[{"@type":"ListItem","position":1,"name":"Portada","item":"https:\/\/multidulcesmarisol.com\/"},{"@type":"ListItem","position":2,"name":"Inicio"}]},{"@type":"WebSite","@id":"https:\/\/multidulcesmarisol.com\/#website","url":"https:\/\/multidulcesmarisol.com\/","name":"Multidulces Marisol","description":"Tienda de conveniencia en Basauri,Urbi Kalea, 25 (dentro de la plaza superior) \/ +34 946 96 76 24","publisher":{"@id":"https:\/\/multidulcesmarisol.com\/#organization"},"potentialAction":[{"@type":"SearchAction","target":{"@type":"EntryPoint","urlTemplate":"https:\/\/multidulcesmarisol.com\/?s={search_term_string}"},"query-input":{"@type":"PropertyValueSpecification","valueRequired":true,"valueName":"search_term_string"}}],"inLanguage":"eu"},{"@type":"Organization","@id":"https:\/\/multidulcesmarisol.com\/#organization","name":"Multidulces Marisol","url":"https:\/\/multidulcesmarisol.com\/","logo":{"@type":"ImageObject","inLanguage":"eu","@id":"https:\/\/multidulcesmarisol.com\/#\/schema\/logo\/image\/","url":"https:\/\/multidulcesmarisol.com\/wp-content\/uploads\/2026\/03\/multidulcesmarisol202508_logoarriba.jpg","contentUrl":"https:\/\/multidulcesmarisol.com\/wp-content\/uploads\/2026\/03\/multidulcesmarisol202508_logoarriba.jpg","width":346,"height":176,"caption":"Multidulces Marisol"},"image":{"@id":"https:\/\/multidulcesmarisol.com\/#\/schema\/logo\/image\/"}}]}},"_links":{"self":[{"href":"https:\/\/multidulcesmarisol.com\/eu\/wp-json\/wp\/v2\/pages\/2","targetHints":{"allow":["GET"]}}],"collection":[{"href":"https:\/\/multidulcesmarisol.com\/eu\/wp-json\/wp\/v2\/pages"}],"about":[{"href":"https:\/\/multidulcesmarisol.com\/eu\/wp-json\/wp\/v2\/types\/page"}],"author":[{"embeddable":true,"href":"https:\/\/multidulcesmarisol.com\/eu\/wp-json\/wp\/v2\/users\/1"}],"replies":[{"embeddable":true,"href":"https:\/\/multidulcesmarisol.com\/eu\/wp-json\/wp\/v2\/comments?post=2"}],"version-history":[{"count":46,"href":"https:\/\/multidulcesmarisol.com\/eu\/wp-json\/wp\/v2\/pages\/2\/revisions"}],"predecessor-version":[{"id":239,"href":"https:\/\/multidulcesmarisol.com\/eu\/wp-json\/wp\/v2\/pages\/2\/revisions\/239"}],"wp:attachment":[{"href":"https:\/\/multidulcesmarisol.com\/eu\/wp-json\/wp\/v2\/media?parent=2"}],"curies":[{"name":"wp","href":"https:\/\/api.w.org\/{rel}","templated":true}]}}