{"id":8,"date":"2026-03-11T08:26:03","date_gmt":"2026-03-11T08:26:03","guid":{"rendered":"https:\/\/multidulcesmarisol.rkinformatika.online\/?page_id=8"},"modified":"2026-03-11T14:09:10","modified_gmt":"2026-03-11T14:09:10","slug":"servicios","status":"publish","type":"page","link":"https:\/\/multidulcesmarisol.com\/eu\/servicios\/","title":{"rendered":"Zerbitzuak"},"content":{"rendered":"<div data-elementor-type=\"wp-page\" data-elementor-id=\"8\" class=\"elementor elementor-8\" data-elementor-post-type=\"page\">\n\t\t\t\t<div class=\"elementor-element elementor-element-5f6960d e-flex e-con-boxed e-con e-parent\" data-id=\"5f6960d\" data-element_type=\"container\" data-e-type=\"container\" data-settings=\"{&quot;background_background&quot;:&quot;classic&quot;}\">\n\t\t\t\t\t<div class=\"e-con-inner\">\n\t\t\t\t<div class=\"elementor-element elementor-element-cc0ee51 elementor-widget elementor-widget-heading\" data-id=\"cc0ee51\" data-element_type=\"widget\" data-e-type=\"widget\" data-widget_type=\"heading.default\">\n\t\t\t\t\t<h2 class=\"elementor-heading-title elementor-size-default\">Multidulces MARISOL<\/h2>\t\t\t\t<\/div>\n\t\t\t\t<div class=\"elementor-element elementor-element-f9866a9 elementor-widget elementor-widget-text-editor\" data-id=\"f9866a9\" data-element_type=\"widget\" data-e-type=\"widget\" data-widget_type=\"text-editor.default\">\n\t\t\t\t\t\t\t\t\t<p>Peque\u00f1os servicios que hacen tu d\u00eda m\u00e1s f\u00e1cil.<\/p>\t\t\t\t\t\t\t\t<\/div>\n\t\t\t\t\t<\/div>\n\t\t\t\t<\/div>\n\t\t<div class=\"elementor-element elementor-element-b15c883 e-flex e-con-boxed e-con e-parent\" data-id=\"b15c883\" data-element_type=\"container\" data-e-type=\"container\">\n\t\t\t\t\t<div class=\"e-con-inner\">\n\t\t\t\t<div class=\"elementor-element elementor-element-59b2e51 elementor-widget elementor-widget-heading\" data-id=\"59b2e51\" data-element_type=\"widget\" data-e-type=\"widget\" data-widget_type=\"heading.default\">\n\t\t\t\t\t<h2 class=\"elementor-heading-title elementor-size-default\">Tenemos una variedad de servicios:<\/h2>\t\t\t\t<\/div>\n\t\t\t\t\t<\/div>\n\t\t\t\t<\/div>\n\t\t<div class=\"elementor-element elementor-element-79a62ff e-flex e-con-boxed e-con e-parent\" data-id=\"79a62ff\" data-element_type=\"container\" data-e-type=\"container\" data-settings=\"{&quot;background_background&quot;:&quot;gradient&quot;}\">\n\t\t\t\t\t<div class=\"e-con-inner\">\n\t\t<div class=\"elementor-element elementor-element-8d5e707 e-con-full e-flex e-con e-child\" data-id=\"8d5e707\" data-element_type=\"container\" data-e-type=\"container\" data-settings=\"{&quot;background_background&quot;:&quot;classic&quot;}\">\n\t\t\t\t<div class=\"elementor-element elementor-element-6e38bf6 elementor-cta--skin-classic elementor-animated-content elementor-bg-transform elementor-bg-transform-zoom-in elementor-widget elementor-widget-call-to-action\" data-id=\"6e38bf6\" data-element_type=\"widget\" data-e-type=\"widget\" data-widget_type=\"call-to-action.default\">\n\t\t\t\t\t\t\t<div class=\"elementor-cta\">\n\t\t\t\t\t<div class=\"elementor-cta__bg-wrapper\">\n\t\t\t\t<div class=\"elementor-cta__bg elementor-bg\" style=\"background-image: url(https:\/\/multidulcesmarisol.com\/wp-content\/uploads\/2026\/03\/30449-1024x683.jpg);\" role=\"img\" aria-label=\"30449\"><\/div>\n\t\t\t\t<div class=\"elementor-cta__bg-overlay\"><\/div>\n\t\t\t<\/div>\n\t\t\t\t\t\t\t<div class=\"elementor-cta__content\">\n\t\t\t\t\n\t\t\t\t\t\t\t\t\t<h2 class=\"elementor-cta__title elementor-cta__content-item elementor-content-item\">\n\t\t\t\t\t\tServicio de Paqueter\u00eda\t\t\t\t\t<\/h2>\n\t\t\t\t\n\t\t\t\t\t\t\t\t\t<div class=\"elementor-cta__description elementor-cta__content-item elementor-content-item\">\n\t\t\t\t\t\tRecoge y env\u00eda tus paquetes de forma r\u00e1pida y sencilla con nuestro servicio de paqueter\u00eda. Un punto c\u00f3modo en tu barrio para gestionar tus env\u00edos y recogidas.\t\t\t\t\t<\/div>\n\t\t\t\t\n\t\t\t\t\t\t\t<\/div>\n\t\t\t\t\t\t<\/div>\n\t\t\t\t\t\t<\/div>\n\t\t\t\t<\/div>\n\t\t<div class=\"elementor-element elementor-element-9f52f47 e-con-full e-flex e-con e-child\" data-id=\"9f52f47\" data-element_type=\"container\" data-e-type=\"container\" data-settings=\"{&quot;background_background&quot;:&quot;classic&quot;}\">\n\t\t\t\t<div class=\"elementor-element elementor-element-a8a6030 elementor-cta--skin-classic elementor-animated-content elementor-bg-transform elementor-bg-transform-zoom-in elementor-widget elementor-widget-call-to-action\" data-id=\"a8a6030\" data-element_type=\"widget\" data-e-type=\"widget\" data-widget_type=\"call-to-action.default\">\n\t\t\t\t\t\t\t<div class=\"elementor-cta\">\n\t\t\t\t\t<div class=\"elementor-cta__bg-wrapper\">\n\t\t\t\t<div class=\"elementor-cta__bg elementor-bg\" style=\"background-image: url(https:\/\/multidulcesmarisol.com\/wp-content\/uploads\/2026\/03\/484-1024x683.jpg);\" role=\"img\" aria-label=\"484\"><\/div>\n\t\t\t\t<div class=\"elementor-cta__bg-overlay\"><\/div>\n\t\t\t<\/div>\n\t\t\t\t\t\t\t<div class=\"elementor-cta__content\">\n\t\t\t\t\n\t\t\t\t\t\t\t\t\t<h2 class=\"elementor-cta__title elementor-cta__content-item elementor-content-item\">\n\t\t\t\t\t\tRecargas Telef\u00f3nicas\t\t\t\t\t<\/h2>\n\t\t\t\t\n\t\t\t\t\t\t\t\t\t<div class=\"elementor-cta__description elementor-cta__content-item elementor-content-item\">\n\t\t\t\t\t\tRealiza recargas de tarjetas telef\u00f3nicas de prepago de forma r\u00e1pida y c\u00f3moda para mantener siempre tu l\u00ednea activa.\t\t\t\t\t<\/div>\n\t\t\t\t\n\t\t\t\t\t\t\t<\/div>\n\t\t\t\t\t\t<\/div>\n\t\t\t\t\t\t<\/div>\n\t\t\t\t<\/div>\n\t\t<div class=\"elementor-element elementor-element-341fd6b e-con-full e-flex e-con e-child\" data-id=\"341fd6b\" data-element_type=\"container\" data-e-type=\"container\" data-settings=\"{&quot;background_background&quot;:&quot;classic&quot;}\">\n\t\t\t\t<div class=\"elementor-element elementor-element-273fdfb elementor-cta--skin-classic elementor-animated-content elementor-bg-transform elementor-bg-transform-zoom-in elementor-widget elementor-widget-call-to-action\" data-id=\"273fdfb\" data-element_type=\"widget\" data-e-type=\"widget\" data-widget_type=\"call-to-action.default\">\n\t\t\t\t\t\t\t<div class=\"elementor-cta\">\n\t\t\t\t\t<div class=\"elementor-cta__bg-wrapper\">\n\t\t\t\t<div class=\"elementor-cta__bg elementor-bg\" style=\"background-image: url(https:\/\/multidulcesmarisol.com\/wp-content\/uploads\/2026\/03\/regalo-1024x683.jpg);\" role=\"img\" aria-label=\"regalo\"><\/div>\n\t\t\t\t<div class=\"elementor-cta__bg-overlay\"><\/div>\n\t\t\t<\/div>\n\t\t\t\t\t\t\t<div class=\"elementor-cta__content\">\n\t\t\t\t\n\t\t\t\t\t\t\t\t\t<h2 class=\"elementor-cta__title elementor-cta__content-item elementor-content-item\">\n\t\t\t\t\t\tDetalles Personalizados\t\t\t\t\t<\/h2>\n\t\t\t\t\n\t\t\t\t\t\t\t\t\t<div class=\"elementor-cta__description elementor-cta__content-item elementor-content-item\">\n\t\t\t\t\t\tPreparamos bolsitas y peque\u00f1os detalles dulces o salados para cumplea\u00f1os, fiestas y eventos especiales, personalizados seg\u00fan la ocasi\u00f3n.\t\t\t\t\t<\/div>\n\t\t\t\t\n\t\t\t\t\t\t\t<\/div>\n\t\t\t\t\t\t<\/div>\n\t\t\t\t\t\t<\/div>\n\t\t\t\t<\/div>\n\t\t<div class=\"elementor-element elementor-element-00cdd45 e-con-full e-flex e-con e-child\" data-id=\"00cdd45\" data-element_type=\"container\" data-e-type=\"container\" data-settings=\"{&quot;background_background&quot;:&quot;classic&quot;}\">\n\t\t\t\t<div class=\"elementor-element elementor-element-ec3d97d elementor-cta--skin-classic elementor-animated-content elementor-bg-transform elementor-bg-transform-zoom-in elementor-widget elementor-widget-call-to-action\" data-id=\"ec3d97d\" data-element_type=\"widget\" data-e-type=\"widget\" data-widget_type=\"call-to-action.default\">\n\t\t\t\t\t\t\t<div class=\"elementor-cta\">\n\t\t\t\t\t<div class=\"elementor-cta__bg-wrapper\">\n\t\t\t\t<div class=\"elementor-cta__bg elementor-bg\" style=\"background-image: url(https:\/\/multidulcesmarisol.com\/wp-content\/uploads\/2026\/03\/prensa-1024x683.jpg);\" role=\"img\" aria-label=\"prensa\"><\/div>\n\t\t\t\t<div class=\"elementor-cta__bg-overlay\"><\/div>\n\t\t\t<\/div>\n\t\t\t\t\t\t\t<div class=\"elementor-cta__content\">\n\t\t\t\t\n\t\t\t\t\t\t\t\t\t<h2 class=\"elementor-cta__title elementor-cta__content-item elementor-content-item\">\n\t\t\t\t\t\tPrensa y Revistas\t\t\t\t\t<\/h2>\n\t\t\t\t\n\t\t\t\t\t\t\t\t\t<div class=\"elementor-cta__description elementor-cta__content-item elementor-content-item\">\n\t\t\t\t\t\tEncuentra tu peri\u00f3dico o revista favorita cada d\u00eda. Tambi\u00e9n podemos ayudarte a conseguir colecciones o ejemplares que no tengamos en ese momento.\t\t\t\t\t<\/div>\n\t\t\t\t\n\t\t\t\t\t\t\t<\/div>\n\t\t\t\t\t\t<\/div>\n\t\t\t\t\t\t<\/div>\n\t\t\t\t<\/div>\n\t\t<div class=\"elementor-element elementor-element-b84ab1d e-con-full e-flex e-con e-child\" data-id=\"b84ab1d\" data-element_type=\"container\" data-e-type=\"container\" data-settings=\"{&quot;background_background&quot;:&quot;classic&quot;}\">\n\t\t\t\t<div class=\"elementor-element elementor-element-80196a6 elementor-cta--skin-classic elementor-animated-content elementor-bg-transform elementor-bg-transform-zoom-in elementor-widget elementor-widget-call-to-action\" data-id=\"80196a6\" data-element_type=\"widget\" data-e-type=\"widget\" data-widget_type=\"call-to-action.default\">\n\t\t\t\t\t\t\t<div class=\"elementor-cta\">\n\t\t\t\t\t<div class=\"elementor-cta__bg-wrapper\">\n\t\t\t\t<div class=\"elementor-cta__bg elementor-bg\" style=\"background-image: url(https:\/\/multidulcesmarisol.com\/wp-content\/uploads\/2026\/03\/panaderia-1024x683.jpg);\" role=\"img\" aria-label=\"panaderia\"><\/div>\n\t\t\t\t<div class=\"elementor-cta__bg-overlay\"><\/div>\n\t\t\t<\/div>\n\t\t\t\t\t\t\t<div class=\"elementor-cta__content\">\n\t\t\t\t\n\t\t\t\t\t\t\t\t\t<h2 class=\"elementor-cta__title elementor-cta__content-item elementor-content-item\">\n\t\t\t\t\t\tPanader\u00eda y Pasteler\u00eda Artesanal\t\t\t\t\t<\/h2>\n\t\t\t\t\n\t\t\t\t\t\t\t\t\t<div class=\"elementor-cta__description elementor-cta__content-item elementor-content-item\">\n\t\t\t\t\t\tOfrecemos pan y productos de panader\u00eda elaborados a diario con ingredientes naturales, adem\u00e1s de dulces y pasteler\u00eda de calidad.\t\t\t\t\t<\/div>\n\t\t\t\t\n\t\t\t\t\t\t\t<\/div>\n\t\t\t\t\t\t<\/div>\n\t\t\t\t\t\t<\/div>\n\t\t\t\t<\/div>\n\t\t<div class=\"elementor-element elementor-element-003d777 e-con-full e-flex e-con e-child\" data-id=\"003d777\" data-element_type=\"container\" data-e-type=\"container\" data-settings=\"{&quot;background_background&quot;:&quot;classic&quot;}\">\n\t\t\t\t<div class=\"elementor-element elementor-element-1b416e6 elementor-cta--skin-classic elementor-animated-content elementor-bg-transform elementor-bg-transform-zoom-in elementor-widget elementor-widget-call-to-action\" data-id=\"1b416e6\" data-element_type=\"widget\" data-e-type=\"widget\" data-widget_type=\"call-to-action.default\">\n\t\t\t\t\t\t\t<div class=\"elementor-cta\">\n\t\t\t\t\t<div class=\"elementor-cta__bg-wrapper\">\n\t\t\t\t<div class=\"elementor-cta__bg elementor-bg\" style=\"background-image: url(https:\/\/multidulcesmarisol.com\/wp-content\/uploads\/2026\/03\/chucheria-1024x683.jpg);\" role=\"img\" aria-label=\"chucheria\"><\/div>\n\t\t\t\t<div class=\"elementor-cta__bg-overlay\"><\/div>\n\t\t\t<\/div>\n\t\t\t\t\t\t\t<div class=\"elementor-cta__content\">\n\t\t\t\t\n\t\t\t\t\t\t\t\t\t<h2 class=\"elementor-cta__title elementor-cta__content-item elementor-content-item\">\n\t\t\t\t\t\tDulces y Aperitivos\t\t\t\t\t<\/h2>\n\t\t\t\t\n\t\t\t\t\t\t\t\t\t<div class=\"elementor-cta__description elementor-cta__content-item elementor-content-item\">\n\t\t\t\t\t\tUna gran variedad de gominolas, chocolates, snacks, frutos secos y aperitivos para disfrutar en cualquier momento o celebrar con amigos y familia.\t\t\t\t\t<\/div>\n\t\t\t\t\n\t\t\t\t\t\t\t<\/div>\n\t\t\t\t\t\t<\/div>\n\t\t\t\t\t\t<\/div>\n\t\t\t\t<\/div>\n\t\t\t\t\t<\/div>\n\t\t\t\t<\/div>\n\t\t<div class=\"elementor-element elementor-element-db9ab01 e-flex e-con-boxed e-con e-parent\" data-id=\"db9ab01\" data-element_type=\"container\" data-e-type=\"container\" data-settings=\"{&quot;background_background&quot;:&quot;classic&quot;}\">\n\t\t\t\t\t<div class=\"e-con-inner\">\n\t\t\t\t<div class=\"elementor-element elementor-element-ed42acc elementor-widget elementor-widget-heading\" data-id=\"ed42acc\" data-element_type=\"widget\" data-e-type=\"widget\" data-widget_type=\"heading.default\">\n\t\t\t\t\t<h2 class=\"elementor-heading-title elementor-size-default\">\u00bfTienes alguna duda? Cont\u00e1ctanos.<\/h2>\t\t\t\t<\/div>\n\t\t\t\t<div class=\"elementor-element elementor-element-03028e1 elementor-align-center elementor-widget elementor-widget-button\" data-id=\"03028e1\" data-element_type=\"widget\" data-e-type=\"widget\" data-widget_type=\"button.default\">\n\t\t\t\t\t\t\t\t\t\t<a class=\"elementor-button elementor-button-link elementor-size-sm elementor-animation-grow\" href=\"\/eu\/contacto\/\">\n\t\t\t\t\t\t<span class=\"elementor-button-content-wrapper\">\n\t\t\t\t\t\t<span class=\"elementor-button-icon\">\n\t\t\t\t<svg aria-hidden=\"true\" class=\"e-font-icon-svg e-fas-comment-dots\" viewbox=\"0 0 512 512\" xmlns=\"http:\/\/www.w3.org\/2000\/svg\"><path d=\"M256 32C114.6 32 0 125.1 0 240c0 49.6 21.4 95 57 130.7C44.5 421.1 2.7 466 2.2 466.5c-2.2 2.3-2.8 5.7-1.5 8.7S4.8 480 8 480c66.3 0 116-31.8 140.6-51.4 32.7 12.3 69 19.4 107.4 19.4 141.4 0 256-93.1 256-208S397.4 32 256 32zM128 272c-17.7 0-32-14.3-32-32s14.3-32 32-32 32 14.3 32 32-14.3 32-32 32zm128 0c-17.7 0-32-14.3-32-32s14.3-32 32-32 32 14.3 32 32-14.3 32-32 32zm128 0c-17.7 0-32-14.3-32-32s14.3-32 32-32 32 14.3 32 32-14.3 32-32 32z\"><\/path><\/svg>\t\t\t<\/span>\n\t\t\t\t\t\t\t\t\t<span class=\"elementor-button-text\">Kontaktua<\/span>\n\t\t\t\t\t<\/span>\n\t\t\t\t\t<\/a>\n\t\t\t\t\t\t\t\t<\/div>\n\t\t\t\t\t<\/div>\n\t\t\t\t<\/div>\n\t\t\t\t<\/div>","protected":false},"excerpt":{"rendered":"<p>Multidulces MARISOL Peque\u00f1os servicios que hacen tu d\u00eda m\u00e1s f\u00e1cil. Tenemos una variedad de servicios: Servicio de Paqueter\u00eda Recoge y env\u00eda tus paquetes de forma r\u00e1pida y sencilla con nuestro servicio de paqueter\u00eda. Un punto c\u00f3modo en tu barrio para gestionar tus env\u00edos y recogidas. Recargas Telef\u00f3nicas Realiza recargas de tarjetas telef\u00f3nicas de prepago de [&hellip;]<\/p>\n","protected":false},"author":1,"featured_media":0,"parent":0,"menu_order":0,"comment_status":"closed","ping_status":"closed","template":"elementor_canvas","meta":{"footnotes":""},"class_list":["post-8","page","type-page","status-publish","hentry"],"yoast_head":"<!-- This site is optimized with the Yoast SEO plugin v27.3 - https:\/\/yoast.com\/product\/yoast-seo-wordpress\/ -->\n<title>Servicios - Multidulces Marisol<\/title>\n<meta name=\"robots\" content=\"index, follow, max-snippet:-1, max-image-preview:large, max-video-preview:-1\" \/>\n<link rel=\"canonical\" href=\"https:\/\/multidulcesmarisol.com\/eu\/servicios\/\" \/>\n<meta property=\"og:locale\" content=\"en_US\" \/>\n<meta property=\"og:type\" content=\"article\" \/>\n<meta property=\"og:title\" content=\"Servicios - Multidulces Marisol\" \/>\n<meta property=\"og:description\" content=\"Multidulces MARISOL Peque\u00f1os servicios que hacen tu d\u00eda m\u00e1s f\u00e1cil. Tenemos una variedad de servicios: Servicio de Paqueter\u00eda Recoge y env\u00eda tus paquetes de forma r\u00e1pida y sencilla con nuestro servicio de paqueter\u00eda. Un punto c\u00f3modo en tu barrio para gestionar tus env\u00edos y recogidas. Recargas Telef\u00f3nicas Realiza recargas de tarjetas telef\u00f3nicas de prepago de [&hellip;]\" \/>\n<meta property=\"og:url\" content=\"https:\/\/multidulcesmarisol.com\/eu\/servicios\/\" \/>\n<meta property=\"og:site_name\" content=\"Multidulces Marisol\" \/>\n<meta property=\"article:modified_time\" content=\"2026-03-11T14:09:10+00:00\" \/>\n<meta name=\"twitter:card\" content=\"summary_large_image\" \/>\n<meta name=\"twitter:label1\" content=\"Est. reading time\" \/>\n\t<meta name=\"twitter:data1\" content=\"1 minutua\" \/>\n<script type=\"application\/ld+json\" class=\"yoast-schema-graph\">{\"@context\":\"https:\\\/\\\/schema.org\",\"@graph\":[{\"@type\":\"WebPage\",\"@id\":\"https:\\\/\\\/multidulcesmarisol.com\\\/servicios\\\/\",\"url\":\"https:\\\/\\\/multidulcesmarisol.com\\\/servicios\\\/\",\"name\":\"Servicios - Multidulces Marisol\",\"isPartOf\":{\"@id\":\"https:\\\/\\\/multidulcesmarisol.com\\\/#website\"},\"datePublished\":\"2026-03-11T08:26:03+00:00\",\"dateModified\":\"2026-03-11T14:09:10+00:00\",\"breadcrumb\":{\"@id\":\"https:\\\/\\\/multidulcesmarisol.com\\\/servicios\\\/#breadcrumb\"},\"inLanguage\":\"eu\",\"potentialAction\":[{\"@type\":\"ReadAction\",\"target\":[\"https:\\\/\\\/multidulcesmarisol.com\\\/servicios\\\/\"]}]},{\"@type\":\"BreadcrumbList\",\"@id\":\"https:\\\/\\\/multidulcesmarisol.com\\\/servicios\\\/#breadcrumb\",\"itemListElement\":[{\"@type\":\"ListItem\",\"position\":1,\"name\":\"Portada\",\"item\":\"https:\\\/\\\/multidulcesmarisol.com\\\/\"},{\"@type\":\"ListItem\",\"position\":2,\"name\":\"Servicios\"}]},{\"@type\":\"WebSite\",\"@id\":\"https:\\\/\\\/multidulcesmarisol.com\\\/#website\",\"url\":\"https:\\\/\\\/multidulcesmarisol.com\\\/\",\"name\":\"Multidulces Marisol\",\"description\":\"Tienda de conveniencia en Basauri,Urbi Kalea, 25 (dentro de la plaza superior) \\\/ +34 946 96 76 24\",\"publisher\":{\"@id\":\"https:\\\/\\\/multidulcesmarisol.com\\\/#organization\"},\"potentialAction\":[{\"@type\":\"SearchAction\",\"target\":{\"@type\":\"EntryPoint\",\"urlTemplate\":\"https:\\\/\\\/multidulcesmarisol.com\\\/?s={search_term_string}\"},\"query-input\":{\"@type\":\"PropertyValueSpecification\",\"valueRequired\":true,\"valueName\":\"search_term_string\"}}],\"inLanguage\":\"eu\"},{\"@type\":\"Organization\",\"@id\":\"https:\\\/\\\/multidulcesmarisol.com\\\/#organization\",\"name\":\"Multidulces Marisol\",\"url\":\"https:\\\/\\\/multidulcesmarisol.com\\\/\",\"logo\":{\"@type\":\"ImageObject\",\"inLanguage\":\"eu\",\"@id\":\"https:\\\/\\\/multidulcesmarisol.com\\\/#\\\/schema\\\/logo\\\/image\\\/\",\"url\":\"https:\\\/\\\/multidulcesmarisol.com\\\/wp-content\\\/uploads\\\/2026\\\/03\\\/multidulcesmarisol202508_logoarriba.jpg\",\"contentUrl\":\"https:\\\/\\\/multidulcesmarisol.com\\\/wp-content\\\/uploads\\\/2026\\\/03\\\/multidulcesmarisol202508_logoarriba.jpg\",\"width\":346,\"height\":176,\"caption\":\"Multidulces Marisol\"},\"image\":{\"@id\":\"https:\\\/\\\/multidulcesmarisol.com\\\/#\\\/schema\\\/logo\\\/image\\\/\"}}]}<\/script>\n<!-- \/ Yoast SEO plugin. -->","yoast_head_json":{"title":"Servicios - Multidulces Marisol","robots":{"index":"index","follow":"follow","max-snippet":"max-snippet:-1","max-image-preview":"max-image-preview:large","max-video-preview":"max-video-preview:-1"},"canonical":"https:\/\/multidulcesmarisol.com\/eu\/servicios\/","og_locale":"en_US","og_type":"article","og_title":"Servicios - Multidulces Marisol","og_description":"Multidulces MARISOL Peque\u00f1os servicios que hacen tu d\u00eda m\u00e1s f\u00e1cil. Tenemos una variedad de servicios: Servicio de Paqueter\u00eda Recoge y env\u00eda tus paquetes de forma r\u00e1pida y sencilla con nuestro servicio de paqueter\u00eda. Un punto c\u00f3modo en tu barrio para gestionar tus env\u00edos y recogidas. Recargas Telef\u00f3nicas Realiza recargas de tarjetas telef\u00f3nicas de prepago de [&hellip;]","og_url":"https:\/\/multidulcesmarisol.com\/eu\/servicios\/","og_site_name":"Multidulces Marisol","article_modified_time":"2026-03-11T14:09:10+00:00","twitter_card":"summary_large_image","twitter_misc":{"Est. reading time":"1 minutua"},"schema":{"@context":"https:\/\/schema.org","@graph":[{"@type":"WebPage","@id":"https:\/\/multidulcesmarisol.com\/servicios\/","url":"https:\/\/multidulcesmarisol.com\/servicios\/","name":"Servicios - Multidulces Marisol","isPartOf":{"@id":"https:\/\/multidulcesmarisol.com\/#website"},"datePublished":"2026-03-11T08:26:03+00:00","dateModified":"2026-03-11T14:09:10+00:00","breadcrumb":{"@id":"https:\/\/multidulcesmarisol.com\/servicios\/#breadcrumb"},"inLanguage":"eu","potentialAction":[{"@type":"ReadAction","target":["https:\/\/multidulcesmarisol.com\/servicios\/"]}]},{"@type":"BreadcrumbList","@id":"https:\/\/multidulcesmarisol.com\/servicios\/#breadcrumb","itemListElement":[{"@type":"ListItem","position":1,"name":"Portada","item":"https:\/\/multidulcesmarisol.com\/"},{"@type":"ListItem","position":2,"name":"Servicios"}]},{"@type":"WebSite","@id":"https:\/\/multidulcesmarisol.com\/#website","url":"https:\/\/multidulcesmarisol.com\/","name":"Multidulces Marisol","description":"Tienda de conveniencia en Basauri,Urbi Kalea, 25 (dentro de la plaza superior) \/ +34 946 96 76 24","publisher":{"@id":"https:\/\/multidulcesmarisol.com\/#organization"},"potentialAction":[{"@type":"SearchAction","target":{"@type":"EntryPoint","urlTemplate":"https:\/\/multidulcesmarisol.com\/?s={search_term_string}"},"query-input":{"@type":"PropertyValueSpecification","valueRequired":true,"valueName":"search_term_string"}}],"inLanguage":"eu"},{"@type":"Organization","@id":"https:\/\/multidulcesmarisol.com\/#organization","name":"Multidulces Marisol","url":"https:\/\/multidulcesmarisol.com\/","logo":{"@type":"ImageObject","inLanguage":"eu","@id":"https:\/\/multidulcesmarisol.com\/#\/schema\/logo\/image\/","url":"https:\/\/multidulcesmarisol.com\/wp-content\/uploads\/2026\/03\/multidulcesmarisol202508_logoarriba.jpg","contentUrl":"https:\/\/multidulcesmarisol.com\/wp-content\/uploads\/2026\/03\/multidulcesmarisol202508_logoarriba.jpg","width":346,"height":176,"caption":"Multidulces Marisol"},"image":{"@id":"https:\/\/multidulcesmarisol.com\/#\/schema\/logo\/image\/"}}]}},"_links":{"self":[{"href":"https:\/\/multidulcesmarisol.com\/eu\/wp-json\/wp\/v2\/pages\/8","targetHints":{"allow":["GET"]}}],"collection":[{"href":"https:\/\/multidulcesmarisol.com\/eu\/wp-json\/wp\/v2\/pages"}],"about":[{"href":"https:\/\/multidulcesmarisol.com\/eu\/wp-json\/wp\/v2\/types\/page"}],"author":[{"embeddable":true,"href":"https:\/\/multidulcesmarisol.com\/eu\/wp-json\/wp\/v2\/users\/1"}],"replies":[{"embeddable":true,"href":"https:\/\/multidulcesmarisol.com\/eu\/wp-json\/wp\/v2\/comments?post=8"}],"version-history":[{"count":55,"href":"https:\/\/multidulcesmarisol.com\/eu\/wp-json\/wp\/v2\/pages\/8\/revisions"}],"predecessor-version":[{"id":246,"href":"https:\/\/multidulcesmarisol.com\/eu\/wp-json\/wp\/v2\/pages\/8\/revisions\/246"}],"wp:attachment":[{"href":"https:\/\/multidulcesmarisol.com\/eu\/wp-json\/wp\/v2\/media?parent=8"}],"curies":[{"name":"wp","href":"https:\/\/api.w.org\/{rel}","templated":true}]}}