{"id":9,"date":"2026-03-11T08:26:19","date_gmt":"2026-03-11T08:26:19","guid":{"rendered":"https:\/\/multidulcesmarisol.rkinformatika.online\/?page_id=9"},"modified":"2026-03-11T14:03:08","modified_gmt":"2026-03-11T14:03:08","slug":"contacto","status":"publish","type":"page","link":"https:\/\/multidulcesmarisol.com\/eu\/contacto\/","title":{"rendered":"Kontaktua"},"content":{"rendered":"\t\t<div data-elementor-type=\"wp-page\" data-elementor-id=\"9\" class=\"elementor elementor-9\" data-elementor-post-type=\"page\">\n\t\t\t\t<div class=\"elementor-element elementor-element-9f6ced8 e-flex e-con-boxed e-con e-parent\" data-id=\"9f6ced8\" data-element_type=\"container\" data-e-type=\"container\" data-settings=\"{&quot;background_background&quot;:&quot;classic&quot;}\">\n\t\t\t\t\t<div class=\"e-con-inner\">\n\t\t\t\t<div class=\"elementor-element elementor-element-1759704 elementor-widget elementor-widget-heading\" data-id=\"1759704\" data-element_type=\"widget\" data-e-type=\"widget\" data-widget_type=\"heading.default\">\n\t\t\t\t\t<h2 class=\"elementor-heading-title elementor-size-default\">Multidulces MARISOL<\/h2>\t\t\t\t<\/div>\n\t\t\t\t<div class=\"elementor-element elementor-element-603e5ed elementor-widget elementor-widget-text-editor\" data-id=\"603e5ed\" data-element_type=\"widget\" data-e-type=\"widget\" data-widget_type=\"text-editor.default\">\n\t\t\t\t\t\t\t\t\t<p>Conecta con nosotros f\u00e1cilmente.<\/p>\t\t\t\t\t\t\t\t<\/div>\n\t\t\t\t\t<\/div>\n\t\t\t\t<\/div>\n\t\t<div class=\"elementor-element elementor-element-4cfa6de e-flex e-con-boxed e-con e-parent\" data-id=\"4cfa6de\" data-element_type=\"container\" data-e-type=\"container\">\n\t\t\t\t\t<div class=\"e-con-inner\">\n\t\t<div class=\"elementor-element elementor-element-621960c e-con-full e-flex e-con e-child\" data-id=\"621960c\" data-element_type=\"container\" data-e-type=\"container\">\n\t\t\t\t<div class=\"elementor-element elementor-element-b149873 elementor-widget elementor-widget-heading\" data-id=\"b149873\" data-element_type=\"widget\" data-e-type=\"widget\" data-widget_type=\"heading.default\">\n\t\t\t\t\t<h2 class=\"elementor-heading-title elementor-size-default\">Todos nuestros productos y servicios est\u00e1n a tu disposici\u00f3n.<\/h2>\t\t\t\t<\/div>\n\t\t\t\t<div class=\"elementor-element elementor-element-4b3a520 elementor-widget elementor-widget-text-editor\" data-id=\"4b3a520\" data-element_type=\"widget\" data-e-type=\"widget\" data-widget_type=\"text-editor.default\">\n\t\t\t\t\t\t\t\t\t<p>Completa el formulario y te contactaremos muy pronto.<\/p>\t\t\t\t\t\t\t\t<\/div>\n\t\t\t\t<div class=\"elementor-element elementor-element-3bf87cb elementor-button-align-start elementor-widget__width-initial elementor-widget elementor-widget-form\" data-id=\"3bf87cb\" data-element_type=\"widget\" data-e-type=\"widget\" data-settings=\"{&quot;button_width&quot;:&quot;50&quot;,&quot;step_next_label&quot;:&quot;Next&quot;,&quot;step_previous_label&quot;:&quot;Previous&quot;,&quot;step_type&quot;:&quot;number_text&quot;,&quot;step_icon_shape&quot;:&quot;circle&quot;}\" data-widget_type=\"form.default\">\n\t\t\t\t\t\t\t<form class=\"elementor-form\" method=\"post\" name=\"Contacto ContactoPage\" aria-label=\"Contacto ContactoPage\">\n\t\t\t<input type=\"hidden\" name=\"post_id\" value=\"9\"\/>\n\t\t\t<input type=\"hidden\" name=\"form_id\" value=\"3bf87cb\"\/>\n\t\t\t<input type=\"hidden\" name=\"referer_title\" value=\"Contacto - Multidulces Marisol\" \/>\n\n\t\t\t\t\t\t\t<input type=\"hidden\" name=\"queried_id\" value=\"9\"\/>\n\t\t\t\n\t\t\t<div class=\"elementor-form-fields-wrapper elementor-labels-\">\n\t\t\t\t\t\t\t\t<div class=\"elementor-field-type-text elementor-field-group elementor-column elementor-field-group-name elementor-col-100 elementor-field-required\">\n\t\t\t\t\t\t\t\t\t\t\t\t<label for=\"form-field-name\" class=\"elementor-field-label elementor-screen-only\">\n\t\t\t\t\t\t\t\tName\t\t\t\t\t\t\t<\/label>\n\t\t\t\t\t\t\t\t\t\t\t\t\t\t<input size=\"1\" type=\"text\" name=\"form_fields[name]\" id=\"form-field-name\" class=\"elementor-field elementor-size-sm  elementor-field-textual\" placeholder=\"Nombre\" required=\"required\">\n\t\t\t\t\t\t\t\t\t\t\t<\/div>\n\t\t\t\t\t\t\t\t<div class=\"elementor-field-type-email elementor-field-group elementor-column elementor-field-group-email elementor-col-33 elementor-field-required\">\n\t\t\t\t\t\t\t\t\t\t\t\t<label for=\"form-field-email\" class=\"elementor-field-label elementor-screen-only\">\n\t\t\t\t\t\t\t\tEmail\t\t\t\t\t\t\t<\/label>\n\t\t\t\t\t\t\t\t\t\t\t\t\t\t<input size=\"1\" type=\"email\" name=\"form_fields[email]\" id=\"form-field-email\" class=\"elementor-field elementor-size-sm  elementor-field-textual\" placeholder=\"Email\" required=\"required\">\n\t\t\t\t\t\t\t\t\t\t\t<\/div>\n\t\t\t\t\t\t\t\t<div class=\"elementor-field-type-tel elementor-field-group elementor-column elementor-field-group-movil elementor-col-33 elementor-field-required\">\n\t\t\t\t\t\t\t\t\t\t\t\t<label for=\"form-field-movil\" class=\"elementor-field-label elementor-screen-only\">\n\t\t\t\t\t\t\t\tM\u00f3vil\t\t\t\t\t\t\t<\/label>\n\t\t\t\t\t\t\t\t<input size=\"1\" type=\"tel\" name=\"form_fields[movil]\" id=\"form-field-movil\" class=\"elementor-field elementor-size-sm  elementor-field-textual\" placeholder=\"M\u00f3vil\" required=\"required\" pattern=\"[0-9()#&amp;+*-=.]+\" title=\"Solo se aceptan n\u00fameros y caracteres de tel\u00e9fono (#,-,*,etc).\">\n\n\t\t\t\t\t\t<\/div>\n\t\t\t\t\t\t\t\t<div class=\"elementor-field-type-text elementor-field-group elementor-column elementor-field-group-field_176c31e elementor-col-33 elementor-field-required\">\n\t\t\t\t\t\t\t\t\t\t\t\t<label for=\"form-field-field_176c31e\" class=\"elementor-field-label elementor-screen-only\">\n\t\t\t\t\t\t\t\tTema\t\t\t\t\t\t\t<\/label>\n\t\t\t\t\t\t\t\t\t\t\t\t\t\t<input size=\"1\" type=\"text\" name=\"form_fields[field_176c31e]\" id=\"form-field-field_176c31e\" class=\"elementor-field elementor-size-sm  elementor-field-textual\" placeholder=\"Tema\" required=\"required\">\n\t\t\t\t\t\t\t\t\t\t\t<\/div>\n\t\t\t\t\t\t\t\t<div class=\"elementor-field-type-textarea elementor-field-group elementor-column elementor-field-group-field_5d08d9b elementor-col-100 elementor-field-required\">\n\t\t\t\t\t\t\t\t\t\t\t\t<label for=\"form-field-field_5d08d9b\" class=\"elementor-field-label elementor-screen-only\">\n\t\t\t\t\t\t\t\tMensaje\t\t\t\t\t\t\t<\/label>\n\t\t\t\t\t\t<textarea class=\"elementor-field-textual elementor-field  elementor-size-sm\" name=\"form_fields[field_5d08d9b]\" id=\"form-field-field_5d08d9b\" rows=\"4\" placeholder=\"Mensaje\" required=\"required\"><\/textarea>\t\t\t\t<\/div>\n\t\t\t\t\t\t\t\t<div class=\"elementor-field-type-checkbox elementor-field-group elementor-column elementor-field-group-field_5de6374 elementor-col-100\">\n\t\t\t\t\t\t\t\t\t\t\t\t<label for=\"form-field-field_5de6374\" class=\"elementor-field-label elementor-screen-only\">\n\t\t\t\t\t\t\t\tHe Le\u00eddo \t\t\t\t\t\t\t<\/label>\n\t\t\t\t\t\t<div class=\"elementor-field-subgroup  \"><span class=\"elementor-field-option\"><input type=\"checkbox\" value=\"He le\u00eddo y acepto la Politica de Privacidad\" id=\"form-field-field_5de6374-0\" name=\"form_fields[field_5de6374]\"> <label for=\"form-field-field_5de6374-0\">He le\u00eddo y acepto la Politica de Privacidad<\/label><\/span><\/div>\t\t\t\t<\/div>\n\t\t\t\t\t\t\t\t<div class=\"elementor-field-type-html elementor-field-group elementor-column elementor-field-group-field_3c2297f elementor-col-100\">\n\t\t\t\t\t<a href=\"\/politicas-de-cookies\"\n   onclick=\"window.open(this.href,'privacidad','width=800,height=600'); return false;\"\n   style=\"text-decoration: none;\">\nVer Pol\u00edtica de Privacidad\n<\/a>\t\t\t\t<\/div>\n\t\t\t\t\t\t\t\t<div class=\"elementor-field-type-recaptcha_v3 elementor-field-group elementor-column elementor-field-group-field_9e00c78 elementor-col-100 recaptcha_v3-bottomright\">\n\t\t\t\t\t<div class=\"elementor-field\" id=\"form-field-field_9e00c78\"><div class=\"elementor-g-recaptcha\" data-sitekey=\"6LdbZo0sAAAAAKUBFBapgw-L77DRx2qu5CDeqALv\" data-type=\"v3\" data-action=\"Form\" data-badge=\"bottomright\" data-size=\"invisible\"><\/div><\/div>\t\t\t\t<\/div>\n\t\t\t\t\t\t\t\t<div class=\"elementor-field-group elementor-column elementor-field-type-submit elementor-col-50 e-form__buttons\">\n\t\t\t\t\t<button class=\"elementor-button elementor-size-sm\" type=\"submit\">\n\t\t\t\t\t\t<span class=\"elementor-button-content-wrapper\">\n\t\t\t\t\t\t\t\t\t\t\t\t\t\t\t<span class=\"elementor-button-icon\">\n\t\t\t\t\t\t\t\t\t<svg aria-hidden=\"true\" class=\"e-font-icon-svg e-fas-paper-plane\" viewBox=\"0 0 512 512\" xmlns=\"http:\/\/www.w3.org\/2000\/svg\"><path d=\"M476 3.2L12.5 270.6c-18.1 10.4-15.8 35.6 2.2 43.2L121 358.4l287.3-253.2c5.5-4.9 13.3 2.6 8.6 8.3L176 407v80.5c0 23.6 28.5 32.9 42.5 15.8L282 426l124.6 52.2c14.2 6 30.4-2.9 33-18.2l72-432C515 7.8 493.3-6.8 476 3.2z\"><\/path><\/svg>\t\t\t\t\t\t\t\t\t\t\t\t\t\t\t\t\t<\/span>\n\t\t\t\t\t\t\t\t\t\t\t\t\t\t\t\t\t\t\t\t\t\t<span class=\"elementor-button-text\">Enviar<\/span>\n\t\t\t\t\t\t\t\t\t\t\t\t\t<\/span>\n\t\t\t\t\t<\/button>\n\t\t\t\t<\/div>\n\t\t\t<\/div>\n\t\t<\/form>\n\t\t\t\t\t\t<\/div>\n\t\t\t\t<\/div>\n\t\t<div class=\"elementor-element elementor-element-9c73349 e-con-full animated-slow e-flex elementor-invisible e-con e-child\" data-id=\"9c73349\" data-element_type=\"container\" data-e-type=\"container\" data-settings=\"{&quot;background_background&quot;:&quot;classic&quot;,&quot;animation&quot;:&quot;fadeInLeft&quot;}\">\n\t\t\t\t<div class=\"elementor-element elementor-element-9504eb1 elementor-widget__width-inherit elementor-widget elementor-widget-heading\" data-id=\"9504eb1\" data-element_type=\"widget\" data-e-type=\"widget\" data-widget_type=\"heading.default\">\n\t\t\t\t\t<h2 class=\"elementor-heading-title elementor-size-default\">Informaci\u00f3n General<\/h2>\t\t\t\t<\/div>\n\t\t\t\t<div class=\"elementor-element elementor-element-5b9dcd3 elementor-widget__width-inherit elementor-widget elementor-widget-heading\" data-id=\"5b9dcd3\" data-element_type=\"widget\" data-e-type=\"widget\" data-widget_type=\"heading.default\">\n\t\t\t\t\t<h2 class=\"elementor-heading-title elementor-size-default\">Tel\u00e9fono<\/h2>\t\t\t\t<\/div>\n\t\t\t\t<div class=\"elementor-element elementor-element-87b5898 elementor-widget elementor-widget-heading\" data-id=\"87b5898\" data-element_type=\"widget\" data-e-type=\"widget\" data-widget_type=\"heading.default\">\n\t\t\t\t\t<h2 class=\"elementor-heading-title elementor-size-default\">+34 946 96 76 24\n<\/h2>\t\t\t\t<\/div>\n\t\t\t\t<div class=\"elementor-element elementor-element-ae32cef elementor-widget-divider--view-line elementor-widget elementor-widget-divider\" data-id=\"ae32cef\" data-element_type=\"widget\" data-e-type=\"widget\" data-widget_type=\"divider.default\">\n\t\t\t\t\t\t\t<div class=\"elementor-divider\">\n\t\t\t<span class=\"elementor-divider-separator\">\n\t\t\t\t\t\t<\/span>\n\t\t<\/div>\n\t\t\t\t\t\t<\/div>\n\t\t\t\t<div class=\"elementor-element elementor-element-5f1845c elementor-widget__width-inherit elementor-widget elementor-widget-heading\" data-id=\"5f1845c\" data-element_type=\"widget\" data-e-type=\"widget\" data-widget_type=\"heading.default\">\n\t\t\t\t\t<h2 class=\"elementor-heading-title elementor-size-default\">Email<\/h2>\t\t\t\t<\/div>\n\t\t\t\t<div class=\"elementor-element elementor-element-9b61662 elementor-widget elementor-widget-heading\" data-id=\"9b61662\" data-element_type=\"widget\" data-e-type=\"widget\" data-widget_type=\"heading.default\">\n\t\t\t\t\t<h2 class=\"elementor-heading-title elementor-size-default\"><a href=\"mailto:%20multidulcesmarisol@gmail.com\">multidulcesmarisol@gmail.com<\/a><\/h2>\t\t\t\t<\/div>\n\t\t\t\t<div class=\"elementor-element elementor-element-9be405c elementor-widget-divider--view-line elementor-widget elementor-widget-divider\" data-id=\"9be405c\" data-element_type=\"widget\" data-e-type=\"widget\" data-widget_type=\"divider.default\">\n\t\t\t\t\t\t\t<div class=\"elementor-divider\">\n\t\t\t<span class=\"elementor-divider-separator\">\n\t\t\t\t\t\t<\/span>\n\t\t<\/div>\n\t\t\t\t\t\t<\/div>\n\t\t\t\t<div class=\"elementor-element elementor-element-35f63c0 elementor-widget__width-inherit elementor-widget elementor-widget-heading\" data-id=\"35f63c0\" data-element_type=\"widget\" data-e-type=\"widget\" data-widget_type=\"heading.default\">\n\t\t\t\t\t<h2 class=\"elementor-heading-title elementor-size-default\">Direcci\u00f3n<\/h2>\t\t\t\t<\/div>\n\t\t\t\t<div class=\"elementor-element elementor-element-b1fa943 elementor-widget elementor-widget-heading\" data-id=\"b1fa943\" data-element_type=\"widget\" data-e-type=\"widget\" data-widget_type=\"heading.default\">\n\t\t\t\t\t<h2 class=\"elementor-heading-title elementor-size-default\"><a href=\"https:\/\/maps.app.goo.gl\/8f6s9azVkPjApXw56\">Urbi Kalea, 25 bajo dcha dcha (dentro de la plaza superior), Urbi, 48970 Urbi, Bizkaia<\/a><\/h2>\t\t\t\t<\/div>\n\t\t\t\t<div class=\"elementor-element elementor-element-bdca518 elementor-widget-divider--view-line elementor-widget elementor-widget-divider\" data-id=\"bdca518\" data-element_type=\"widget\" data-e-type=\"widget\" data-widget_type=\"divider.default\">\n\t\t\t\t\t\t\t<div class=\"elementor-divider\">\n\t\t\t<span class=\"elementor-divider-separator\">\n\t\t\t\t\t\t<\/span>\n\t\t<\/div>\n\t\t\t\t\t\t<\/div>\n\t\t\t\t<div class=\"elementor-element elementor-element-612aa66 elementor-widget__width-inherit elementor-widget elementor-widget-heading\" data-id=\"612aa66\" data-element_type=\"widget\" data-e-type=\"widget\" data-widget_type=\"heading.default\">\n\t\t\t\t\t<h2 class=\"elementor-heading-title elementor-size-default\">Horario<\/h2>\t\t\t\t<\/div>\n\t\t\t\t<div class=\"elementor-element elementor-element-4a1b3d2 elementor-widget elementor-widget-heading\" data-id=\"4a1b3d2\" data-element_type=\"widget\" data-e-type=\"widget\" data-widget_type=\"heading.default\">\n\t\t\t\t\t<h2 class=\"elementor-heading-title elementor-size-default\">De lunes a viernes: 08:00-14:00\/17:30- 20:30\n<br>S\u00e1bados y domingos: 08:00- 14:00\n<br>Festivos cerrado por las tardes\n<br>Semana Santa y Agosto cerrado<\/h2>\t\t\t\t<\/div>\n\t\t\t\t<\/div>\n\t\t\t\t\t<\/div>\n\t\t\t\t<\/div>\n\t\t<div class=\"elementor-element elementor-element-e263d21 e-con-full e-flex e-con e-parent\" data-id=\"e263d21\" data-element_type=\"container\" data-e-type=\"container\">\n\t\t\t\t<div class=\"elementor-element elementor-element-c0ab9a5 elementor-widget elementor-widget-google_maps\" data-id=\"c0ab9a5\" data-element_type=\"widget\" data-e-type=\"widget\" data-widget_type=\"google_maps.default\">\n\t\t\t\t\t\t\t<div class=\"elementor-custom-embed\">\n\t\t\t<iframe loading=\"lazy\"\n\t\t\t\t\tsrc=\"https:\/\/maps.google.com\/maps?q=Multidulces%20Marisol&#038;t=m&#038;z=12&#038;output=embed&#038;iwloc=near\"\n\t\t\t\t\ttitle=\"Multidulces Marisol\"\n\t\t\t\t\taria-label=\"Multidulces Marisol\"\n\t\t\t><\/iframe>\n\t\t<\/div>\n\t\t\t\t\t\t<\/div>\n\t\t\t\t<\/div>\n\t\t\t\t<\/div>\n\t\t","protected":false},"excerpt":{"rendered":"<p>Multidulces MARISOL Conecta con nosotros f\u00e1cilmente. Todos nuestros productos y servicios est\u00e1n a tu disposici\u00f3n. Completa el formulario y te contactaremos muy pronto. Informaci\u00f3n General Tel\u00e9fono +34 946 96 76 24 Email multidulcesmarisol@gmail.com Direcci\u00f3n Urbi Kalea, 25 bajo dcha dcha (dentro de la plaza superior), Urbi, 48970 Urbi, Bizkaia Horario De lunes a viernes: 08:00-14:00\/17:30- [&hellip;]<\/p>\n","protected":false},"author":1,"featured_media":0,"parent":0,"menu_order":0,"comment_status":"closed","ping_status":"closed","template":"elementor_canvas","meta":{"footnotes":""},"class_list":["post-9","page","type-page","status-publish","hentry"],"yoast_head":"<!-- This site is optimized with the Yoast SEO plugin v27.3 - https:\/\/yoast.com\/product\/yoast-seo-wordpress\/ -->\n<title>Contacto - Multidulces Marisol<\/title>\n<meta name=\"robots\" content=\"index, follow, max-snippet:-1, max-image-preview:large, max-video-preview:-1\" \/>\n<link rel=\"canonical\" href=\"https:\/\/multidulcesmarisol.com\/eu\/contacto\/\" \/>\n<meta property=\"og:locale\" content=\"en_US\" \/>\n<meta property=\"og:type\" content=\"article\" \/>\n<meta property=\"og:title\" content=\"Contacto - Multidulces Marisol\" \/>\n<meta property=\"og:description\" content=\"Multidulces MARISOL Conecta con nosotros f\u00e1cilmente. Todos nuestros productos y servicios est\u00e1n a tu disposici\u00f3n. Completa el formulario y te contactaremos muy pronto. Informaci\u00f3n General Tel\u00e9fono +34 946 96 76 24 Email multidulcesmarisol@gmail.com Direcci\u00f3n Urbi Kalea, 25 bajo dcha dcha (dentro de la plaza superior), Urbi, 48970 Urbi, Bizkaia Horario De lunes a viernes: 08:00-14:00\/17:30- [&hellip;]\" \/>\n<meta property=\"og:url\" content=\"https:\/\/multidulcesmarisol.com\/eu\/contacto\/\" \/>\n<meta property=\"og:site_name\" content=\"Multidulces Marisol\" \/>\n<meta property=\"article:modified_time\" content=\"2026-03-11T14:03:08+00:00\" \/>\n<meta name=\"twitter:card\" content=\"summary_large_image\" \/>\n<meta name=\"twitter:label1\" content=\"Est. reading time\" \/>\n\t<meta name=\"twitter:data1\" content=\"1 minutua\" \/>\n<script type=\"application\/ld+json\" class=\"yoast-schema-graph\">{\"@context\":\"https:\\\/\\\/schema.org\",\"@graph\":[{\"@type\":\"WebPage\",\"@id\":\"https:\\\/\\\/multidulcesmarisol.com\\\/contacto\\\/\",\"url\":\"https:\\\/\\\/multidulcesmarisol.com\\\/contacto\\\/\",\"name\":\"Contacto - Multidulces Marisol\",\"isPartOf\":{\"@id\":\"https:\\\/\\\/multidulcesmarisol.com\\\/#website\"},\"datePublished\":\"2026-03-11T08:26:19+00:00\",\"dateModified\":\"2026-03-11T14:03:08+00:00\",\"breadcrumb\":{\"@id\":\"https:\\\/\\\/multidulcesmarisol.com\\\/contacto\\\/#breadcrumb\"},\"inLanguage\":\"eu\",\"potentialAction\":[{\"@type\":\"ReadAction\",\"target\":[\"https:\\\/\\\/multidulcesmarisol.com\\\/contacto\\\/\"]}]},{\"@type\":\"BreadcrumbList\",\"@id\":\"https:\\\/\\\/multidulcesmarisol.com\\\/contacto\\\/#breadcrumb\",\"itemListElement\":[{\"@type\":\"ListItem\",\"position\":1,\"name\":\"Portada\",\"item\":\"https:\\\/\\\/multidulcesmarisol.com\\\/\"},{\"@type\":\"ListItem\",\"position\":2,\"name\":\"Contacto\"}]},{\"@type\":\"WebSite\",\"@id\":\"https:\\\/\\\/multidulcesmarisol.com\\\/#website\",\"url\":\"https:\\\/\\\/multidulcesmarisol.com\\\/\",\"name\":\"Multidulces Marisol\",\"description\":\"Tienda de conveniencia en Basauri,Urbi Kalea, 25 (dentro de la plaza superior) \\\/ +34 946 96 76 24\",\"publisher\":{\"@id\":\"https:\\\/\\\/multidulcesmarisol.com\\\/#organization\"},\"potentialAction\":[{\"@type\":\"SearchAction\",\"target\":{\"@type\":\"EntryPoint\",\"urlTemplate\":\"https:\\\/\\\/multidulcesmarisol.com\\\/?s={search_term_string}\"},\"query-input\":{\"@type\":\"PropertyValueSpecification\",\"valueRequired\":true,\"valueName\":\"search_term_string\"}}],\"inLanguage\":\"eu\"},{\"@type\":\"Organization\",\"@id\":\"https:\\\/\\\/multidulcesmarisol.com\\\/#organization\",\"name\":\"Multidulces Marisol\",\"url\":\"https:\\\/\\\/multidulcesmarisol.com\\\/\",\"logo\":{\"@type\":\"ImageObject\",\"inLanguage\":\"eu\",\"@id\":\"https:\\\/\\\/multidulcesmarisol.com\\\/#\\\/schema\\\/logo\\\/image\\\/\",\"url\":\"https:\\\/\\\/multidulcesmarisol.com\\\/wp-content\\\/uploads\\\/2026\\\/03\\\/multidulcesmarisol202508_logoarriba.jpg\",\"contentUrl\":\"https:\\\/\\\/multidulcesmarisol.com\\\/wp-content\\\/uploads\\\/2026\\\/03\\\/multidulcesmarisol202508_logoarriba.jpg\",\"width\":346,\"height\":176,\"caption\":\"Multidulces Marisol\"},\"image\":{\"@id\":\"https:\\\/\\\/multidulcesmarisol.com\\\/#\\\/schema\\\/logo\\\/image\\\/\"}}]}<\/script>\n<!-- \/ Yoast SEO plugin. -->","yoast_head_json":{"title":"Contacto - Multidulces Marisol","robots":{"index":"index","follow":"follow","max-snippet":"max-snippet:-1","max-image-preview":"max-image-preview:large","max-video-preview":"max-video-preview:-1"},"canonical":"https:\/\/multidulcesmarisol.com\/eu\/contacto\/","og_locale":"en_US","og_type":"article","og_title":"Contacto - Multidulces Marisol","og_description":"Multidulces MARISOL Conecta con nosotros f\u00e1cilmente. Todos nuestros productos y servicios est\u00e1n a tu disposici\u00f3n. Completa el formulario y te contactaremos muy pronto. Informaci\u00f3n General Tel\u00e9fono +34 946 96 76 24 Email multidulcesmarisol@gmail.com Direcci\u00f3n Urbi Kalea, 25 bajo dcha dcha (dentro de la plaza superior), Urbi, 48970 Urbi, Bizkaia Horario De lunes a viernes: 08:00-14:00\/17:30- [&hellip;]","og_url":"https:\/\/multidulcesmarisol.com\/eu\/contacto\/","og_site_name":"Multidulces Marisol","article_modified_time":"2026-03-11T14:03:08+00:00","twitter_card":"summary_large_image","twitter_misc":{"Est. reading time":"1 minutua"},"schema":{"@context":"https:\/\/schema.org","@graph":[{"@type":"WebPage","@id":"https:\/\/multidulcesmarisol.com\/contacto\/","url":"https:\/\/multidulcesmarisol.com\/contacto\/","name":"Contacto - Multidulces Marisol","isPartOf":{"@id":"https:\/\/multidulcesmarisol.com\/#website"},"datePublished":"2026-03-11T08:26:19+00:00","dateModified":"2026-03-11T14:03:08+00:00","breadcrumb":{"@id":"https:\/\/multidulcesmarisol.com\/contacto\/#breadcrumb"},"inLanguage":"eu","potentialAction":[{"@type":"ReadAction","target":["https:\/\/multidulcesmarisol.com\/contacto\/"]}]},{"@type":"BreadcrumbList","@id":"https:\/\/multidulcesmarisol.com\/contacto\/#breadcrumb","itemListElement":[{"@type":"ListItem","position":1,"name":"Portada","item":"https:\/\/multidulcesmarisol.com\/"},{"@type":"ListItem","position":2,"name":"Contacto"}]},{"@type":"WebSite","@id":"https:\/\/multidulcesmarisol.com\/#website","url":"https:\/\/multidulcesmarisol.com\/","name":"Multidulces Marisol","description":"Tienda de conveniencia en Basauri,Urbi Kalea, 25 (dentro de la plaza superior) \/ +34 946 96 76 24","publisher":{"@id":"https:\/\/multidulcesmarisol.com\/#organization"},"potentialAction":[{"@type":"SearchAction","target":{"@type":"EntryPoint","urlTemplate":"https:\/\/multidulcesmarisol.com\/?s={search_term_string}"},"query-input":{"@type":"PropertyValueSpecification","valueRequired":true,"valueName":"search_term_string"}}],"inLanguage":"eu"},{"@type":"Organization","@id":"https:\/\/multidulcesmarisol.com\/#organization","name":"Multidulces Marisol","url":"https:\/\/multidulcesmarisol.com\/","logo":{"@type":"ImageObject","inLanguage":"eu","@id":"https:\/\/multidulcesmarisol.com\/#\/schema\/logo\/image\/","url":"https:\/\/multidulcesmarisol.com\/wp-content\/uploads\/2026\/03\/multidulcesmarisol202508_logoarriba.jpg","contentUrl":"https:\/\/multidulcesmarisol.com\/wp-content\/uploads\/2026\/03\/multidulcesmarisol202508_logoarriba.jpg","width":346,"height":176,"caption":"Multidulces Marisol"},"image":{"@id":"https:\/\/multidulcesmarisol.com\/#\/schema\/logo\/image\/"}}]}},"_links":{"self":[{"href":"https:\/\/multidulcesmarisol.com\/eu\/wp-json\/wp\/v2\/pages\/9","targetHints":{"allow":["GET"]}}],"collection":[{"href":"https:\/\/multidulcesmarisol.com\/eu\/wp-json\/wp\/v2\/pages"}],"about":[{"href":"https:\/\/multidulcesmarisol.com\/eu\/wp-json\/wp\/v2\/types\/page"}],"author":[{"embeddable":true,"href":"https:\/\/multidulcesmarisol.com\/eu\/wp-json\/wp\/v2\/users\/1"}],"replies":[{"embeddable":true,"href":"https:\/\/multidulcesmarisol.com\/eu\/wp-json\/wp\/v2\/comments?post=9"}],"version-history":[{"count":34,"href":"https:\/\/multidulcesmarisol.com\/eu\/wp-json\/wp\/v2\/pages\/9\/revisions"}],"predecessor-version":[{"id":227,"href":"https:\/\/multidulcesmarisol.com\/eu\/wp-json\/wp\/v2\/pages\/9\/revisions\/227"}],"wp:attachment":[{"href":"https:\/\/multidulcesmarisol.com\/eu\/wp-json\/wp\/v2\/media?parent=9"}],"curies":[{"name":"wp","href":"https:\/\/api.w.org\/{rel}","templated":true}]}}